{"id":122,"date":"2025-02-26T17:52:03","date_gmt":"2025-02-26T16:52:03","guid":{"rendered":"https:\/\/www.solutions-informatiques-carvalho.fr\/?page_id=122"},"modified":"2025-05-08T23:26:07","modified_gmt":"2025-05-08T21:26:07","slug":"pc-sur-mesure","status":"publish","type":"page","link":"https:\/\/www.solutions-informatiques-carvalho.fr\/index.php\/pc-sur-mesure\/","title":{"rendered":"PC sur mesure"},"content":{"rendered":"\t\t<div data-elementor-type=\"wp-page\" data-elementor-id=\"122\" class=\"elementor elementor-122\" data-elementor-post-type=\"page\">\n\t\t\t\t<div class=\"elementor-element elementor-element-92bdd5a e-flex e-con-boxed e-con e-parent\" data-id=\"92bdd5a\" data-element_type=\"container\" data-e-type=\"container\">\n\t\t\t\t\t<div class=\"e-con-inner\">\n\t\t\t\t<div class=\"elementor-element elementor-element-3950e07 elementor-widget-divider--view-line elementor-widget elementor-widget-divider\" data-id=\"3950e07\" data-element_type=\"widget\" data-e-type=\"widget\" data-widget_type=\"divider.default\">\n\t\t\t\t<div class=\"elementor-widget-container\">\n\t\t\t\t\t\t\t<div class=\"elementor-divider\">\n\t\t\t<span class=\"elementor-divider-separator\">\n\t\t\t\t\t\t<\/span>\n\t\t<\/div>\n\t\t\t\t\t\t<\/div>\n\t\t\t\t<\/div>\n\t\t\t\t<div class=\"elementor-element elementor-element-04c53bc elementor-widget elementor-widget-heading\" data-id=\"04c53bc\" data-element_type=\"widget\" data-e-type=\"widget\" data-widget_type=\"heading.default\">\n\t\t\t\t<div class=\"elementor-widget-container\">\n\t\t\t\t\t<h2 class=\"elementor-heading-title elementor-size-default\">Comment \u00e7a se passe pour un assemblage sur mesure ?<\/h2>\t\t\t\t<\/div>\n\t\t\t\t<\/div>\n\t\t\t\t<div class=\"elementor-element elementor-element-98182d4 elementor-widget-divider--view-line elementor-widget elementor-widget-divider\" data-id=\"98182d4\" data-element_type=\"widget\" data-e-type=\"widget\" data-widget_type=\"divider.default\">\n\t\t\t\t<div class=\"elementor-widget-container\">\n\t\t\t\t\t\t\t<div class=\"elementor-divider\">\n\t\t\t<span class=\"elementor-divider-separator\">\n\t\t\t\t\t\t<\/span>\n\t\t<\/div>\n\t\t\t\t\t\t<\/div>\n\t\t\t\t<\/div>\n\t\t<div class=\"elementor-element elementor-element-1cf2136 e-grid e-con-full e-con e-child\" data-id=\"1cf2136\" data-element_type=\"container\" data-e-type=\"container\">\n\t\t\t\t<div class=\"elementor-element elementor-element-39f8b92 elementor-widget elementor-widget-text-editor\" data-id=\"39f8b92\" data-element_type=\"widget\" data-e-type=\"widget\" data-widget_type=\"text-editor.default\">\n\t\t\t\t<div class=\"elementor-widget-container\">\n\t\t\t\t\t\t\t\t\t<p>Etape 1 : Prendre rendez-vous via <a href=\"https:\/\/www.solutions-informatiques-carvalho.fr\/index.php\/contact\/\">Contact<\/a> pour d\u00e9finir ensemble votre besoin (type d&rsquo;utilisation du PC, budget, format, style, etc&#8230;) via un formulaire et divers \u00e9changes.<\/p>\t\t\t\t\t\t\t\t<\/div>\n\t\t\t\t<\/div>\n\t\t\t\t<div class=\"elementor-element elementor-element-3da95fb elementor-widget elementor-widget-text-editor\" data-id=\"3da95fb\" data-element_type=\"widget\" data-e-type=\"widget\" data-widget_type=\"text-editor.default\">\n\t\t\t\t<div class=\"elementor-widget-container\">\n\t\t\t\t\t\t\t\t\t<p>Etape 2 : Je reviens le plus rapidement possible vers vous avec une\/plusieurs proposition(s) de configuration adapt\u00e9e \u00e0 vos besoins pour validation, puis vous guide dans l&rsquo;achat des pi\u00e8ces en votre nom aux meilleurs prix.<\/p>\t\t\t\t\t\t\t\t<\/div>\n\t\t\t\t<\/div>\n\t\t\t\t<div class=\"elementor-element elementor-element-c9c9f36 elementor-widget elementor-widget-text-editor\" data-id=\"c9c9f36\" data-element_type=\"widget\" data-e-type=\"widget\" data-widget_type=\"text-editor.default\">\n\t\t\t\t<div class=\"elementor-widget-container\">\n\t\t\t\t\t\t\t\t\t<p>Etape 3 : Apr\u00e8s que vous ayez fait bonne r\u00e9ception de toutes les pi\u00e8ces, nous d\u00e9finissons une journ\u00e9e et un horaire pour que je r\u00e9cup\u00e8re le tout et proc\u00e8de \u00e0 l&rsquo;assemblage de votre futur PC.<\/p>\t\t\t\t\t\t\t\t<\/div>\n\t\t\t\t<\/div>\n\t\t\t\t<div class=\"elementor-element elementor-element-c414c24 elementor-widget elementor-widget-text-editor\" data-id=\"c414c24\" data-element_type=\"widget\" data-e-type=\"widget\" data-widget_type=\"text-editor.default\">\n\t\t\t\t<div class=\"elementor-widget-container\">\n\t\t\t\t\t\t\t\t\t<p>Etape 4 : Une fois l&rsquo;ordinateur mont\u00e9, le syst\u00e8me d&rsquo;exploitation install\u00e9 et les tests\/optimisations finis pour assurer le bon fonctionnement de votre machine, je vous le d\u00e9pose pr\u00eat \u00e0 l&#8217;emploi avec toutes les boites\/accessoires.<\/p>\t\t\t\t\t\t\t\t<\/div>\n\t\t\t\t<\/div>\n\t\t\t\t<\/div>\n\t\t\t\t<div class=\"elementor-element elementor-element-c7f45e7 elementor-widget-divider--view-line elementor-widget elementor-widget-divider\" data-id=\"c7f45e7\" data-element_type=\"widget\" data-e-type=\"widget\" data-widget_type=\"divider.default\">\n\t\t\t\t<div class=\"elementor-widget-container\">\n\t\t\t\t\t\t\t<div class=\"elementor-divider\">\n\t\t\t<span class=\"elementor-divider-separator\">\n\t\t\t\t\t\t<\/span>\n\t\t<\/div>\n\t\t\t\t\t\t<\/div>\n\t\t\t\t<\/div>\n\t\t\t\t\t<\/div>\n\t\t\t\t<\/div>\n\t\t\t\t<\/div>\n\t\t","protected":false},"excerpt":{"rendered":"<p>Comment \u00e7a se passe pour un assemblage sur mesure ? Etape 1 : Prendre rendez-vous via Contact pour d\u00e9finir ensemble votre besoin (type d&rsquo;utilisation du PC, budget, format, style, etc&#8230;) via un formulaire et divers \u00e9changes. Etape 2 : Je reviens le plus rapidement possible vers vous avec une\/plusieurs proposition(s) de configuration adapt\u00e9e \u00e0 vos [&hellip;]<\/p>\n","protected":false},"author":1,"featured_media":0,"parent":0,"menu_order":0,"comment_status":"closed","ping_status":"closed","template":"","meta":{"footnotes":""},"class_list":["post-122","page","type-page","status-publish","hentry"],"yoast_head":"<!-- This site is optimized with the Yoast SEO plugin v27.5 - https:\/\/yoast.com\/product\/yoast-seo-wordpress\/ -->\n<title>PC sur mesure - Solutions Informatiques Carvalho<\/title>\n<meta name=\"robots\" content=\"index, follow, max-snippet:-1, max-image-preview:large, max-video-preview:-1\" \/>\n<link rel=\"canonical\" href=\"https:\/\/www.solutions-informatiques-carvalho.fr\/index.php\/pc-sur-mesure\/\" \/>\n<meta property=\"og:locale\" content=\"fr_FR\" \/>\n<meta property=\"og:type\" content=\"article\" \/>\n<meta property=\"og:title\" content=\"PC sur mesure - Solutions Informatiques Carvalho\" \/>\n<meta property=\"og:description\" content=\"Comment \u00e7a se passe pour un assemblage sur mesure ? Etape 1 : Prendre rendez-vous via Contact pour d\u00e9finir ensemble votre besoin (type d&rsquo;utilisation du PC, budget, format, style, etc&#8230;) via un formulaire et divers \u00e9changes. Etape 2 : Je reviens le plus rapidement possible vers vous avec une\/plusieurs proposition(s) de configuration adapt\u00e9e \u00e0 vos [&hellip;]\" \/>\n<meta property=\"og:url\" content=\"https:\/\/www.solutions-informatiques-carvalho.fr\/index.php\/pc-sur-mesure\/\" \/>\n<meta property=\"og:site_name\" content=\"Solutions Informatiques Carvalho\" \/>\n<meta property=\"article:modified_time\" content=\"2025-05-08T21:26:07+00:00\" \/>\n<meta name=\"twitter:card\" content=\"summary_large_image\" \/>\n<meta name=\"twitter:label1\" content=\"Dur\u00e9e de lecture estim\u00e9e\" \/>\n\t<meta name=\"twitter:data1\" content=\"1 minute\" \/>\n<script type=\"application\/ld+json\" class=\"yoast-schema-graph\">{\"@context\":\"https:\\\/\\\/schema.org\",\"@graph\":[{\"@type\":\"WebPage\",\"@id\":\"https:\\\/\\\/www.solutions-informatiques-carvalho.fr\\\/index.php\\\/pc-sur-mesure\\\/\",\"url\":\"https:\\\/\\\/www.solutions-informatiques-carvalho.fr\\\/index.php\\\/pc-sur-mesure\\\/\",\"name\":\"PC sur mesure - Solutions Informatiques Carvalho\",\"isPartOf\":{\"@id\":\"https:\\\/\\\/www.solutions-informatiques-carvalho.fr\\\/#website\"},\"datePublished\":\"2025-02-26T16:52:03+00:00\",\"dateModified\":\"2025-05-08T21:26:07+00:00\",\"breadcrumb\":{\"@id\":\"https:\\\/\\\/www.solutions-informatiques-carvalho.fr\\\/index.php\\\/pc-sur-mesure\\\/#breadcrumb\"},\"inLanguage\":\"fr-FR\",\"potentialAction\":[{\"@type\":\"ReadAction\",\"target\":[\"https:\\\/\\\/www.solutions-informatiques-carvalho.fr\\\/index.php\\\/pc-sur-mesure\\\/\"]}]},{\"@type\":\"BreadcrumbList\",\"@id\":\"https:\\\/\\\/www.solutions-informatiques-carvalho.fr\\\/index.php\\\/pc-sur-mesure\\\/#breadcrumb\",\"itemListElement\":[{\"@type\":\"ListItem\",\"position\":1,\"name\":\"Accueil\",\"item\":\"https:\\\/\\\/www.solutions-informatiques-carvalho.fr\\\/\"},{\"@type\":\"ListItem\",\"position\":2,\"name\":\"PC sur mesure\"}]},{\"@type\":\"WebSite\",\"@id\":\"https:\\\/\\\/www.solutions-informatiques-carvalho.fr\\\/#website\",\"url\":\"https:\\\/\\\/www.solutions-informatiques-carvalho.fr\\\/\",\"name\":\"solutions-informatiques-carvalho\",\"description\":\"Solutions Informatiques Carvalho\",\"publisher\":{\"@id\":\"https:\\\/\\\/www.solutions-informatiques-carvalho.fr\\\/#organization\"},\"potentialAction\":[{\"@type\":\"SearchAction\",\"target\":{\"@type\":\"EntryPoint\",\"urlTemplate\":\"https:\\\/\\\/www.solutions-informatiques-carvalho.fr\\\/?s={search_term_string}\"},\"query-input\":{\"@type\":\"PropertyValueSpecification\",\"valueRequired\":true,\"valueName\":\"search_term_string\"}}],\"inLanguage\":\"fr-FR\"},{\"@type\":\"Organization\",\"@id\":\"https:\\\/\\\/www.solutions-informatiques-carvalho.fr\\\/#organization\",\"name\":\"Solutions Informatiques Carvalho\",\"url\":\"https:\\\/\\\/www.solutions-informatiques-carvalho.fr\\\/\",\"logo\":{\"@type\":\"ImageObject\",\"inLanguage\":\"fr-FR\",\"@id\":\"https:\\\/\\\/www.solutions-informatiques-carvalho.fr\\\/#\\\/schema\\\/logo\\\/image\\\/\",\"url\":\"https:\\\/\\\/www.solutions-informatiques-carvalho.fr\\\/wp-content\\\/uploads\\\/2025\\\/02\\\/cropped-logo-transparent-png-1.png\",\"contentUrl\":\"https:\\\/\\\/www.solutions-informatiques-carvalho.fr\\\/wp-content\\\/uploads\\\/2025\\\/02\\\/cropped-logo-transparent-png-1.png\",\"width\":512,\"height\":512,\"caption\":\"Solutions Informatiques Carvalho\"},\"image\":{\"@id\":\"https:\\\/\\\/www.solutions-informatiques-carvalho.fr\\\/#\\\/schema\\\/logo\\\/image\\\/\"}}]}<\/script>\n<!-- \/ Yoast SEO plugin. -->","yoast_head_json":{"title":"PC sur mesure - Solutions Informatiques Carvalho","robots":{"index":"index","follow":"follow","max-snippet":"max-snippet:-1","max-image-preview":"max-image-preview:large","max-video-preview":"max-video-preview:-1"},"canonical":"https:\/\/www.solutions-informatiques-carvalho.fr\/index.php\/pc-sur-mesure\/","og_locale":"fr_FR","og_type":"article","og_title":"PC sur mesure - Solutions Informatiques Carvalho","og_description":"Comment \u00e7a se passe pour un assemblage sur mesure ? Etape 1 : Prendre rendez-vous via Contact pour d\u00e9finir ensemble votre besoin (type d&rsquo;utilisation du PC, budget, format, style, etc&#8230;) via un formulaire et divers \u00e9changes. Etape 2 : Je reviens le plus rapidement possible vers vous avec une\/plusieurs proposition(s) de configuration adapt\u00e9e \u00e0 vos [&hellip;]","og_url":"https:\/\/www.solutions-informatiques-carvalho.fr\/index.php\/pc-sur-mesure\/","og_site_name":"Solutions Informatiques Carvalho","article_modified_time":"2025-05-08T21:26:07+00:00","twitter_card":"summary_large_image","twitter_misc":{"Dur\u00e9e de lecture estim\u00e9e":"1 minute"},"schema":{"@context":"https:\/\/schema.org","@graph":[{"@type":"WebPage","@id":"https:\/\/www.solutions-informatiques-carvalho.fr\/index.php\/pc-sur-mesure\/","url":"https:\/\/www.solutions-informatiques-carvalho.fr\/index.php\/pc-sur-mesure\/","name":"PC sur mesure - Solutions Informatiques Carvalho","isPartOf":{"@id":"https:\/\/www.solutions-informatiques-carvalho.fr\/#website"},"datePublished":"2025-02-26T16:52:03+00:00","dateModified":"2025-05-08T21:26:07+00:00","breadcrumb":{"@id":"https:\/\/www.solutions-informatiques-carvalho.fr\/index.php\/pc-sur-mesure\/#breadcrumb"},"inLanguage":"fr-FR","potentialAction":[{"@type":"ReadAction","target":["https:\/\/www.solutions-informatiques-carvalho.fr\/index.php\/pc-sur-mesure\/"]}]},{"@type":"BreadcrumbList","@id":"https:\/\/www.solutions-informatiques-carvalho.fr\/index.php\/pc-sur-mesure\/#breadcrumb","itemListElement":[{"@type":"ListItem","position":1,"name":"Accueil","item":"https:\/\/www.solutions-informatiques-carvalho.fr\/"},{"@type":"ListItem","position":2,"name":"PC sur mesure"}]},{"@type":"WebSite","@id":"https:\/\/www.solutions-informatiques-carvalho.fr\/#website","url":"https:\/\/www.solutions-informatiques-carvalho.fr\/","name":"solutions-informatiques-carvalho","description":"Solutions Informatiques Carvalho","publisher":{"@id":"https:\/\/www.solutions-informatiques-carvalho.fr\/#organization"},"potentialAction":[{"@type":"SearchAction","target":{"@type":"EntryPoint","urlTemplate":"https:\/\/www.solutions-informatiques-carvalho.fr\/?s={search_term_string}"},"query-input":{"@type":"PropertyValueSpecification","valueRequired":true,"valueName":"search_term_string"}}],"inLanguage":"fr-FR"},{"@type":"Organization","@id":"https:\/\/www.solutions-informatiques-carvalho.fr\/#organization","name":"Solutions Informatiques Carvalho","url":"https:\/\/www.solutions-informatiques-carvalho.fr\/","logo":{"@type":"ImageObject","inLanguage":"fr-FR","@id":"https:\/\/www.solutions-informatiques-carvalho.fr\/#\/schema\/logo\/image\/","url":"https:\/\/www.solutions-informatiques-carvalho.fr\/wp-content\/uploads\/2025\/02\/cropped-logo-transparent-png-1.png","contentUrl":"https:\/\/www.solutions-informatiques-carvalho.fr\/wp-content\/uploads\/2025\/02\/cropped-logo-transparent-png-1.png","width":512,"height":512,"caption":"Solutions Informatiques Carvalho"},"image":{"@id":"https:\/\/www.solutions-informatiques-carvalho.fr\/#\/schema\/logo\/image\/"}}]}},"_links":{"self":[{"href":"https:\/\/www.solutions-informatiques-carvalho.fr\/index.php\/wp-json\/wp\/v2\/pages\/122","targetHints":{"allow":["GET"]}}],"collection":[{"href":"https:\/\/www.solutions-informatiques-carvalho.fr\/index.php\/wp-json\/wp\/v2\/pages"}],"about":[{"href":"https:\/\/www.solutions-informatiques-carvalho.fr\/index.php\/wp-json\/wp\/v2\/types\/page"}],"author":[{"embeddable":true,"href":"https:\/\/www.solutions-informatiques-carvalho.fr\/index.php\/wp-json\/wp\/v2\/users\/1"}],"replies":[{"embeddable":true,"href":"https:\/\/www.solutions-informatiques-carvalho.fr\/index.php\/wp-json\/wp\/v2\/comments?post=122"}],"version-history":[{"count":58,"href":"https:\/\/www.solutions-informatiques-carvalho.fr\/index.php\/wp-json\/wp\/v2\/pages\/122\/revisions"}],"predecessor-version":[{"id":479,"href":"https:\/\/www.solutions-informatiques-carvalho.fr\/index.php\/wp-json\/wp\/v2\/pages\/122\/revisions\/479"}],"wp:attachment":[{"href":"https:\/\/www.solutions-informatiques-carvalho.fr\/index.php\/wp-json\/wp\/v2\/media?parent=122"}],"curies":[{"name":"wp","href":"https:\/\/api.w.org\/{rel}","templated":true}]}}