{"id":118,"date":"2025-02-26T17:50:58","date_gmt":"2025-02-26T16:50:58","guid":{"rendered":"https:\/\/www.solutions-informatiques-carvalho.fr\/?page_id=118"},"modified":"2026-02-19T15:55:03","modified_gmt":"2026-02-19T14:55:03","slug":"accueil","status":"publish","type":"page","link":"https:\/\/www.solutions-informatiques-carvalho.fr\/","title":{"rendered":"Accueil"},"content":{"rendered":"\t\t<div data-elementor-type=\"wp-page\" data-elementor-id=\"118\" class=\"elementor elementor-118\" data-elementor-post-type=\"page\">\n\t\t\t\t<div class=\"elementor-element elementor-element-b459f99 e-flex e-con-boxed e-con e-parent\" data-id=\"b459f99\" data-element_type=\"container\" data-e-type=\"container\">\n\t\t\t\t\t<div class=\"e-con-inner\">\n\t\t\t\t<div class=\"elementor-element elementor-element-8d37d70 elementor-widget-divider--view-line elementor-widget elementor-widget-divider\" data-id=\"8d37d70\" data-element_type=\"widget\" data-e-type=\"widget\" data-widget_type=\"divider.default\">\n\t\t\t\t<div class=\"elementor-widget-container\">\n\t\t\t\t\t\t\t<div class=\"elementor-divider\">\n\t\t\t<span class=\"elementor-divider-separator\">\n\t\t\t\t\t\t<\/span>\n\t\t<\/div>\n\t\t\t\t\t\t<\/div>\n\t\t\t\t<\/div>\n\t\t\t\t<div class=\"elementor-element elementor-element-ceb58c3 elementor-widget elementor-widget-heading\" data-id=\"ceb58c3\" data-element_type=\"widget\" data-e-type=\"widget\" data-widget_type=\"heading.default\">\n\t\t\t\t<div class=\"elementor-widget-container\">\n\t\t\t\t\t<h2 class=\"elementor-heading-title elementor-size-default\">Bienvenue chez Solutions Informatiques Carvalho !<\/h2>\t\t\t\t<\/div>\n\t\t\t\t<\/div>\n\t\t\t\t\t<\/div>\n\t\t\t\t<\/div>\n\t\t<div class=\"elementor-element elementor-element-513f1c3 e-flex e-con-boxed e-con e-parent\" data-id=\"513f1c3\" data-element_type=\"container\" data-e-type=\"container\">\n\t\t\t\t\t<div class=\"e-con-inner\">\n\t\t\t\t<div class=\"elementor-element elementor-element-41c266f elementor-widget-divider--view-line elementor-widget elementor-widget-divider\" data-id=\"41c266f\" data-element_type=\"widget\" data-e-type=\"widget\" data-widget_type=\"divider.default\">\n\t\t\t\t<div class=\"elementor-widget-container\">\n\t\t\t\t\t\t\t<div class=\"elementor-divider\">\n\t\t\t<span class=\"elementor-divider-separator\">\n\t\t\t\t\t\t<\/span>\n\t\t<\/div>\n\t\t\t\t\t\t<\/div>\n\t\t\t\t<\/div>\n\t\t\t\t\t<\/div>\n\t\t\t\t<\/div>\n\t\t<div class=\"elementor-element elementor-element-33d2e7c e-flex e-con-boxed e-con e-parent\" data-id=\"33d2e7c\" data-element_type=\"container\" data-e-type=\"container\">\n\t\t\t\t\t<div class=\"e-con-inner\">\n\t\t\t\t<div class=\"elementor-element elementor-element-f6a566a elementor-widget elementor-widget-heading\" data-id=\"f6a566a\" data-element_type=\"widget\" data-e-type=\"widget\" data-widget_type=\"heading.default\">\n\t\t\t\t<div class=\"elementor-widget-container\">\n\t\t\t\t\t<h4 class=\"elementor-heading-title elementor-size-default\">Quelle est l'id\u00e9e de cette entreprise ? <\/h4>\t\t\t\t<\/div>\n\t\t\t\t<\/div>\n\t\t\t\t\t<\/div>\n\t\t\t\t<\/div>\n\t\t<div class=\"elementor-element elementor-element-17735b9 e-flex e-con-boxed e-con e-parent\" data-id=\"17735b9\" data-element_type=\"container\" data-e-type=\"container\">\n\t\t\t\t\t<div class=\"e-con-inner\">\n\t\t\t\t<div class=\"elementor-element elementor-element-c421227 elementor-widget-divider--view-line elementor-widget elementor-widget-divider\" data-id=\"c421227\" data-element_type=\"widget\" data-e-type=\"widget\" data-widget_type=\"divider.default\">\n\t\t\t\t<div class=\"elementor-widget-container\">\n\t\t\t\t\t\t\t<div class=\"elementor-divider\">\n\t\t\t<span class=\"elementor-divider-separator\">\n\t\t\t\t\t\t<\/span>\n\t\t<\/div>\n\t\t\t\t\t\t<\/div>\n\t\t\t\t<\/div>\n\t\t\t\t\t<\/div>\n\t\t\t\t<\/div>\n\t\t<div class=\"elementor-element elementor-element-cea0be1 e-flex e-con-boxed e-con e-parent\" data-id=\"cea0be1\" data-element_type=\"container\" data-e-type=\"container\">\n\t\t\t\t\t<div class=\"e-con-inner\">\n\t\t\t\t<div class=\"elementor-element elementor-element-b776aaf elementor-widget elementor-widget-text-editor\" data-id=\"b776aaf\" data-element_type=\"widget\" data-e-type=\"widget\" data-widget_type=\"text-editor.default\">\n\t\t\t\t<div class=\"elementor-widget-container\">\n\t\t\t\t\t\t\t\t\t<p>Chez Solutions Informatiques Carvalho, trouvez l&rsquo;aide dont vous avez besoin pour entretenir, r\u00e9parer, moderniser ou assembler vos appareils comme par exemple un ordinateur fixe ou portable, une Nintendo Switch et bien plus encore.<\/p><p>Beaucoup d&rsquo;appareils hardware n&rsquo;ont besoin que d&rsquo;un coup de propre ou d&rsquo;une petite mise \u00e0 niveau pour avoir une belle seconde vie. Mais si vous souhaitez un PC qui vous correspond et rempli parfaitement vos besoins, l&rsquo;assemblage sur mesure peut \u00eatre votre solution.<\/p>\t\t\t\t\t\t\t\t<\/div>\n\t\t\t\t<\/div>\n\t\t\t\t<div class=\"elementor-element elementor-element-f081336 elementor-widget-divider--view-line elementor-widget elementor-widget-divider\" data-id=\"f081336\" data-element_type=\"widget\" data-e-type=\"widget\" data-widget_type=\"divider.default\">\n\t\t\t\t<div class=\"elementor-widget-container\">\n\t\t\t\t\t\t\t<div class=\"elementor-divider\">\n\t\t\t<span class=\"elementor-divider-separator\">\n\t\t\t\t\t\t<\/span>\n\t\t<\/div>\n\t\t\t\t\t\t<\/div>\n\t\t\t\t<\/div>\n\t\t\t\t\t<\/div>\n\t\t\t\t<\/div>\n\t\t<div class=\"elementor-element elementor-element-33e5732 e-flex e-con-boxed e-con e-parent\" data-id=\"33e5732\" data-element_type=\"container\" data-e-type=\"container\">\n\t\t\t\t\t<div class=\"e-con-inner\">\n\t\t\t\t<div class=\"elementor-element elementor-element-5464f0f elementor-widget elementor-widget-heading\" data-id=\"5464f0f\" data-element_type=\"widget\" data-e-type=\"widget\" data-widget_type=\"heading.default\">\n\t\t\t\t<div class=\"elementor-widget-container\">\n\t\t\t\t\t<h4 class=\"elementor-heading-title elementor-size-default\">Qu\u2019est-ce que je propose ?<\/h4>\t\t\t\t<\/div>\n\t\t\t\t<\/div>\n\t\t\t\t\t<\/div>\n\t\t\t\t<\/div>\n\t\t<div class=\"elementor-element elementor-element-b26f58c e-flex e-con-boxed e-con e-parent\" data-id=\"b26f58c\" data-element_type=\"container\" data-e-type=\"container\">\n\t\t\t\t\t<div class=\"e-con-inner\">\n\t\t\t\t<div class=\"elementor-element elementor-element-b0e677d elementor-widget-divider--view-line elementor-widget elementor-widget-divider\" data-id=\"b0e677d\" data-element_type=\"widget\" data-e-type=\"widget\" data-widget_type=\"divider.default\">\n\t\t\t\t<div class=\"elementor-widget-container\">\n\t\t\t\t\t\t\t<div class=\"elementor-divider\">\n\t\t\t<span class=\"elementor-divider-separator\">\n\t\t\t\t\t\t<\/span>\n\t\t<\/div>\n\t\t\t\t\t\t<\/div>\n\t\t\t\t<\/div>\n\t\t\t\t\t<\/div>\n\t\t\t\t<\/div>\n\t\t<div class=\"elementor-element elementor-element-42cf9bc e-flex e-con-boxed e-con e-parent\" data-id=\"42cf9bc\" data-element_type=\"container\" data-e-type=\"container\">\n\t\t\t\t\t<div class=\"e-con-inner\">\n\t\t\t\t<div class=\"elementor-element elementor-element-b61afd9 elementor-widget elementor-widget-text-editor\" data-id=\"b61afd9\" data-element_type=\"widget\" data-e-type=\"widget\" data-widget_type=\"text-editor.default\">\n\t\t\t\t<div class=\"elementor-widget-container\">\n\t\t\t\t\t\t\t\t\t<p>\u2022 Besoin d&rsquo;un nouveau PC mais vous ne savez pas quoi choisir parmi la multitude d&rsquo;offres disponibles en ordinateurs portables ou en composants pour monter une tour ? Aucun soucis.<\/p><p>\u2022\u00a0Vous voulez plut\u00f4t un montage complet avec le <a href=\"https:\/\/www.solutions-informatiques-carvalho.fr\/index.php\/pc-sur-mesure\/\">PC pr\u00eat \u00e0 l&rsquo;utilisation<\/a> ? Ce sera fait.<\/p><p>\u2022 Vous voulez moderniser une ancienne configuration ? C&rsquo;est parfait alors, pas forc\u00e9ment besoin de tout remplacer.<\/p><p>\u2022\u00a0Je propose \u00e9galement des cours pour apprendre des bases en informatique (navigation, param\u00e9trage, mail, etc&#8230;) ou en montage vid\u00e9o si vous \u00eates en recherche d&rsquo;aide dans ces domaines.<\/p><p>Toutes les prestations ainsi que leurs tarifications sont disponibles sur la <a href=\"https:\/\/www.solutions-informatiques-carvalho.fr\/index.php\/prestation-tarification\/\">page d\u00e9di\u00e9e<\/a>. Les prestations indiqu\u00e9es comme [@] sont disponibles en ligne, les autres concernent uniquement le secteur de l&rsquo;agglom\u00e9ration Dijonnaise et alentours.<\/p><p>Horaire 2026 : Du lundi au vendredi de 13h00 \u00e0 19h00.<\/p><p>Pour toute demande particuli\u00e8re, vous pouvez poser votre question sur <a href=\"https:\/\/www.solutions-informatiques-carvalho.fr\/index.php\/contact\/\">contact<\/a>. N&rsquo;h\u00e9sitez pas \u00e0 utiliser ce moyen m\u00eame en dehors des horaires d&rsquo;interventions, j&rsquo;\u00e9tudierais v\u00f4tre demande et reviendrai vers vous au plus vite.<\/p>\t\t\t\t\t\t\t\t<\/div>\n\t\t\t\t<\/div>\n\t\t\t\t<div class=\"elementor-element elementor-element-4dbaf74 elementor-widget-divider--view-line elementor-widget elementor-widget-divider\" data-id=\"4dbaf74\" data-element_type=\"widget\" data-e-type=\"widget\" data-widget_type=\"divider.default\">\n\t\t\t\t<div class=\"elementor-widget-container\">\n\t\t\t\t\t\t\t<div class=\"elementor-divider\">\n\t\t\t<span class=\"elementor-divider-separator\">\n\t\t\t\t\t\t<\/span>\n\t\t<\/div>\n\t\t\t\t\t\t<\/div>\n\t\t\t\t<\/div>\n\t\t\t\t\t<\/div>\n\t\t\t\t<\/div>\n\t\t\t\t<\/div>\n\t\t","protected":false},"excerpt":{"rendered":"<p>Bienvenue chez Solutions Informatiques Carvalho ! Quelle est l&rsquo;id\u00e9e de cette entreprise ? Chez Solutions Informatiques Carvalho, trouvez l&rsquo;aide dont vous avez besoin pour entretenir, r\u00e9parer, moderniser ou assembler vos appareils comme par exemple un ordinateur fixe ou portable, une Nintendo Switch et bien plus encore. Beaucoup d&rsquo;appareils hardware n&rsquo;ont besoin que d&rsquo;un coup de [&hellip;]<\/p>\n","protected":false},"author":1,"featured_media":0,"parent":0,"menu_order":0,"comment_status":"closed","ping_status":"closed","template":"","meta":{"footnotes":""},"class_list":["post-118","page","type-page","status-publish","hentry"],"yoast_head":"<!-- This site is optimized with the Yoast SEO plugin v27.5 - https:\/\/yoast.com\/product\/yoast-seo-wordpress\/ -->\n<title>Accueil - Solutions Informatiques Carvalho<\/title>\n<meta name=\"description\" content=\"Chez Solutions Informatiques Carvalho, trouvez l&#039;aide dont vous avez besoin pour entretenir, r\u00e9parer, modifier ou assembler vos appareils.\" \/>\n<meta name=\"robots\" content=\"index, follow, max-snippet:-1, max-image-preview:large, max-video-preview:-1\" \/>\n<link rel=\"canonical\" href=\"https:\/\/www.solutions-informatiques-carvalho.fr\/\" \/>\n<meta property=\"og:locale\" content=\"fr_FR\" \/>\n<meta property=\"og:type\" content=\"article\" \/>\n<meta property=\"og:title\" content=\"Accueil - Solutions Informatiques Carvalho\" \/>\n<meta property=\"og:description\" content=\"Chez Solutions Informatiques Carvalho, trouvez l&#039;aide dont vous avez besoin pour entretenir, r\u00e9parer, modifier ou assembler vos appareils.\" \/>\n<meta property=\"og:url\" content=\"https:\/\/www.solutions-informatiques-carvalho.fr\/\" \/>\n<meta property=\"og:site_name\" content=\"Solutions Informatiques Carvalho\" \/>\n<meta property=\"article:modified_time\" content=\"2026-02-19T14:55:03+00:00\" \/>\n<meta name=\"twitter:card\" content=\"summary_large_image\" \/>\n<meta name=\"twitter:label1\" content=\"Dur\u00e9e de lecture estim\u00e9e\" \/>\n\t<meta name=\"twitter:data1\" content=\"2 minutes\" \/>\n<script type=\"application\/ld+json\" class=\"yoast-schema-graph\">{\"@context\":\"https:\\\/\\\/schema.org\",\"@graph\":[{\"@type\":\"WebPage\",\"@id\":\"https:\\\/\\\/www.solutions-informatiques-carvalho.fr\\\/\",\"url\":\"https:\\\/\\\/www.solutions-informatiques-carvalho.fr\\\/\",\"name\":\"Accueil - Solutions Informatiques Carvalho\",\"isPartOf\":{\"@id\":\"https:\\\/\\\/www.solutions-informatiques-carvalho.fr\\\/#website\"},\"datePublished\":\"2025-02-26T16:50:58+00:00\",\"dateModified\":\"2026-02-19T14:55:03+00:00\",\"description\":\"Chez Solutions Informatiques Carvalho, trouvez l'aide dont vous avez besoin pour entretenir, r\u00e9parer, modifier ou assembler vos appareils.\",\"breadcrumb\":{\"@id\":\"https:\\\/\\\/www.solutions-informatiques-carvalho.fr\\\/#breadcrumb\"},\"inLanguage\":\"fr-FR\",\"potentialAction\":[{\"@type\":\"ReadAction\",\"target\":[\"https:\\\/\\\/www.solutions-informatiques-carvalho.fr\\\/\"]}]},{\"@type\":\"BreadcrumbList\",\"@id\":\"https:\\\/\\\/www.solutions-informatiques-carvalho.fr\\\/#breadcrumb\",\"itemListElement\":[{\"@type\":\"ListItem\",\"position\":1,\"name\":\"Accueil\",\"item\":\"https:\\\/\\\/www.solutions-informatiques-carvalho.fr\\\/\"},{\"@type\":\"ListItem\",\"position\":2,\"name\":\"Accueil\"}]},{\"@type\":\"WebSite\",\"@id\":\"https:\\\/\\\/www.solutions-informatiques-carvalho.fr\\\/#website\",\"url\":\"https:\\\/\\\/www.solutions-informatiques-carvalho.fr\\\/\",\"name\":\"solutions-informatiques-carvalho\",\"description\":\"Solutions Informatiques Carvalho\",\"publisher\":{\"@id\":\"https:\\\/\\\/www.solutions-informatiques-carvalho.fr\\\/#organization\"},\"potentialAction\":[{\"@type\":\"SearchAction\",\"target\":{\"@type\":\"EntryPoint\",\"urlTemplate\":\"https:\\\/\\\/www.solutions-informatiques-carvalho.fr\\\/?s={search_term_string}\"},\"query-input\":{\"@type\":\"PropertyValueSpecification\",\"valueRequired\":true,\"valueName\":\"search_term_string\"}}],\"inLanguage\":\"fr-FR\"},{\"@type\":\"Organization\",\"@id\":\"https:\\\/\\\/www.solutions-informatiques-carvalho.fr\\\/#organization\",\"name\":\"Solutions Informatiques Carvalho\",\"url\":\"https:\\\/\\\/www.solutions-informatiques-carvalho.fr\\\/\",\"logo\":{\"@type\":\"ImageObject\",\"inLanguage\":\"fr-FR\",\"@id\":\"https:\\\/\\\/www.solutions-informatiques-carvalho.fr\\\/#\\\/schema\\\/logo\\\/image\\\/\",\"url\":\"https:\\\/\\\/www.solutions-informatiques-carvalho.fr\\\/wp-content\\\/uploads\\\/2025\\\/02\\\/cropped-logo-transparent-png-1.png\",\"contentUrl\":\"https:\\\/\\\/www.solutions-informatiques-carvalho.fr\\\/wp-content\\\/uploads\\\/2025\\\/02\\\/cropped-logo-transparent-png-1.png\",\"width\":512,\"height\":512,\"caption\":\"Solutions Informatiques Carvalho\"},\"image\":{\"@id\":\"https:\\\/\\\/www.solutions-informatiques-carvalho.fr\\\/#\\\/schema\\\/logo\\\/image\\\/\"}}]}<\/script>\n<!-- \/ Yoast SEO plugin. -->","yoast_head_json":{"title":"Accueil - Solutions Informatiques Carvalho","description":"Chez Solutions Informatiques Carvalho, trouvez l'aide dont vous avez besoin pour entretenir, r\u00e9parer, modifier ou assembler vos appareils.","robots":{"index":"index","follow":"follow","max-snippet":"max-snippet:-1","max-image-preview":"max-image-preview:large","max-video-preview":"max-video-preview:-1"},"canonical":"https:\/\/www.solutions-informatiques-carvalho.fr\/","og_locale":"fr_FR","og_type":"article","og_title":"Accueil - Solutions Informatiques Carvalho","og_description":"Chez Solutions Informatiques Carvalho, trouvez l'aide dont vous avez besoin pour entretenir, r\u00e9parer, modifier ou assembler vos appareils.","og_url":"https:\/\/www.solutions-informatiques-carvalho.fr\/","og_site_name":"Solutions Informatiques Carvalho","article_modified_time":"2026-02-19T14:55:03+00:00","twitter_card":"summary_large_image","twitter_misc":{"Dur\u00e9e de lecture estim\u00e9e":"2 minutes"},"schema":{"@context":"https:\/\/schema.org","@graph":[{"@type":"WebPage","@id":"https:\/\/www.solutions-informatiques-carvalho.fr\/","url":"https:\/\/www.solutions-informatiques-carvalho.fr\/","name":"Accueil - Solutions Informatiques Carvalho","isPartOf":{"@id":"https:\/\/www.solutions-informatiques-carvalho.fr\/#website"},"datePublished":"2025-02-26T16:50:58+00:00","dateModified":"2026-02-19T14:55:03+00:00","description":"Chez Solutions Informatiques Carvalho, trouvez l'aide dont vous avez besoin pour entretenir, r\u00e9parer, modifier ou assembler vos appareils.","breadcrumb":{"@id":"https:\/\/www.solutions-informatiques-carvalho.fr\/#breadcrumb"},"inLanguage":"fr-FR","potentialAction":[{"@type":"ReadAction","target":["https:\/\/www.solutions-informatiques-carvalho.fr\/"]}]},{"@type":"BreadcrumbList","@id":"https:\/\/www.solutions-informatiques-carvalho.fr\/#breadcrumb","itemListElement":[{"@type":"ListItem","position":1,"name":"Accueil","item":"https:\/\/www.solutions-informatiques-carvalho.fr\/"},{"@type":"ListItem","position":2,"name":"Accueil"}]},{"@type":"WebSite","@id":"https:\/\/www.solutions-informatiques-carvalho.fr\/#website","url":"https:\/\/www.solutions-informatiques-carvalho.fr\/","name":"solutions-informatiques-carvalho","description":"Solutions Informatiques Carvalho","publisher":{"@id":"https:\/\/www.solutions-informatiques-carvalho.fr\/#organization"},"potentialAction":[{"@type":"SearchAction","target":{"@type":"EntryPoint","urlTemplate":"https:\/\/www.solutions-informatiques-carvalho.fr\/?s={search_term_string}"},"query-input":{"@type":"PropertyValueSpecification","valueRequired":true,"valueName":"search_term_string"}}],"inLanguage":"fr-FR"},{"@type":"Organization","@id":"https:\/\/www.solutions-informatiques-carvalho.fr\/#organization","name":"Solutions Informatiques Carvalho","url":"https:\/\/www.solutions-informatiques-carvalho.fr\/","logo":{"@type":"ImageObject","inLanguage":"fr-FR","@id":"https:\/\/www.solutions-informatiques-carvalho.fr\/#\/schema\/logo\/image\/","url":"https:\/\/www.solutions-informatiques-carvalho.fr\/wp-content\/uploads\/2025\/02\/cropped-logo-transparent-png-1.png","contentUrl":"https:\/\/www.solutions-informatiques-carvalho.fr\/wp-content\/uploads\/2025\/02\/cropped-logo-transparent-png-1.png","width":512,"height":512,"caption":"Solutions Informatiques Carvalho"},"image":{"@id":"https:\/\/www.solutions-informatiques-carvalho.fr\/#\/schema\/logo\/image\/"}}]}},"_links":{"self":[{"href":"https:\/\/www.solutions-informatiques-carvalho.fr\/index.php\/wp-json\/wp\/v2\/pages\/118","targetHints":{"allow":["GET"]}}],"collection":[{"href":"https:\/\/www.solutions-informatiques-carvalho.fr\/index.php\/wp-json\/wp\/v2\/pages"}],"about":[{"href":"https:\/\/www.solutions-informatiques-carvalho.fr\/index.php\/wp-json\/wp\/v2\/types\/page"}],"author":[{"embeddable":true,"href":"https:\/\/www.solutions-informatiques-carvalho.fr\/index.php\/wp-json\/wp\/v2\/users\/1"}],"replies":[{"embeddable":true,"href":"https:\/\/www.solutions-informatiques-carvalho.fr\/index.php\/wp-json\/wp\/v2\/comments?post=118"}],"version-history":[{"count":69,"href":"https:\/\/www.solutions-informatiques-carvalho.fr\/index.php\/wp-json\/wp\/v2\/pages\/118\/revisions"}],"predecessor-version":[{"id":582,"href":"https:\/\/www.solutions-informatiques-carvalho.fr\/index.php\/wp-json\/wp\/v2\/pages\/118\/revisions\/582"}],"wp:attachment":[{"href":"https:\/\/www.solutions-informatiques-carvalho.fr\/index.php\/wp-json\/wp\/v2\/media?parent=118"}],"curies":[{"name":"wp","href":"https:\/\/api.w.org\/{rel}","templated":true}]}}